{"id":1166,"date":"2016-12-05T17:03:22","date_gmt":"2016-12-05T16:03:22","guid":{"rendered":"http:\/\/www.jmdomingo.com\/?page_id=1166"},"modified":"2017-01-16T13:55:51","modified_gmt":"2017-01-16T12:55:51","slug":"mosquiteras-mv-line","status":"publish","type":"page","link":"https:\/\/www.jmdomingo.com\/?page_id=1166","title":{"rendered":"Mosquiteras"},"content":{"rendered":"<p><strong>L\u00cdNEA URAGANO<\/strong><br \/>\n<strong>IRENE<\/strong><img loading=\"lazy\" decoding=\"async\" class=\"wp-image-1167 alignright\" src=\"http:\/\/www.jmdomingo.com\/wp-content\/uploads\/2016\/12\/logotipo-MV-LINE.gif\" alt=\"logotipo MV LINE\" width=\"255\" height=\"119\"><\/p>\n<p><strong>L\u00cdNEA CL\u00c1SICA<br \/>\n<\/strong><br \/>\nMOSQUITERAS VERTICALES<\/p>\n<p>MOSQUITERAS LATERALES<br \/>\nMOSQUITERAS DE PANEL,<br \/>\nFIJAS\/CORREDERAS<br \/>\nGRANDES DIMENSIONES<\/p>\n<p><img loading=\"lazy\" decoding=\"async\" class=\"wp-image-1177 alignleft\" src=\"http:\/\/www.jmdomingo.com\/wp-content\/uploads\/2016\/12\/irene2015MOD_DEF.jpg\" alt=\"irene2015MOD_DEF\" width=\"210\" height=\"140\" srcset=\"https:\/\/www.jmdomingo.com\/wp-content\/uploads\/2016\/12\/irene2015MOD_DEF.jpg 2000w, https:\/\/www.jmdomingo.com\/wp-content\/uploads\/2016\/12\/irene2015MOD_DEF-300x200.jpg 300w, https:\/\/www.jmdomingo.com\/wp-content\/uploads\/2016\/12\/irene2015MOD_DEF-768x512.jpg 768w, https:\/\/www.jmdomingo.com\/wp-content\/uploads\/2016\/12\/irene2015MOD_DEF-1024x682.jpg 1024w\" sizes=\"auto, (max-width: 210px) 100vw, 210px\" \/><\/p>\n<p>IRENE es una mosquitera con red enrollable en versi\u00f3n deslizamiento vertical y lateral, disponible con cajones de 45\u201365\u201375 mm.<br \/>\nElaborada y probada para resistir las condiciones atmosf\u00e9ricas m\u00e1s desfavorables, en particular las condiciones de vientos fuertes, IRENE protege los ambientes guardando toda la esencialidad y la elegancia de las mosquiteras MV Line.<br \/>\nGracias a un sistema exclusivo en el enrollamiento de la red, es posible instalar la mosquitera en ventanas y puertas acristaladas de grandes dimensiones, sin necesidad de utilizar cajones voluminosos.<\/p>\n<p><iframe loading=\"lazy\" title=\"Irene: la zanzariera che resiste al vento forte!\" width=\"640\" height=\"360\" src=\"https:\/\/www.youtube.com\/embed\/izMa7_6kqjY?feature=oembed\" frameborder=\"0\" allow=\"accelerometer; autoplay; clipboard-write; encrypted-media; gyroscope; picture-in-picture; web-share\" referrerpolicy=\"strict-origin-when-cross-origin\" allowfullscreen><\/iframe><\/p>\n<p><img loading=\"lazy\" decoding=\"async\" class=\"wp-image-1186 aligncenter\" src=\"http:\/\/www.jmdomingo.com\/wp-content\/uploads\/2016\/12\/LiBRA.jpg\" alt=\"LiBRA\" width=\"470\" height=\"313\" srcset=\"https:\/\/www.jmdomingo.com\/wp-content\/uploads\/2016\/12\/LiBRA.jpg 1024w, https:\/\/www.jmdomingo.com\/wp-content\/uploads\/2016\/12\/LiBRA-300x200.jpg 300w, https:\/\/www.jmdomingo.com\/wp-content\/uploads\/2016\/12\/LiBRA-768x512.jpg 768w\" sizes=\"auto, (max-width: 470px) 100vw, 470px\" \/><\/p>\n<p><strong>LIBRA<\/strong><br \/>\nMosquitera de hoja con empaquetado a forma de libro<br \/>\nSistema de apertura: de hoja batiente magn\u00e9tica y empaquetado de las hojas a forma de libro, con pomo Adecuada para: grandes dimensiones Red: de aluminio, bru\u00f1ida de serie (plateado opcional) se puede pedir tambi\u00e9n en fibra de vidrio o acero inoxidable Tuffscreen\u2122, PetScreen Se suministra: a medida<br \/>\nNota: una gesti\u00f3n eficaz en la protecci\u00f3n de los espacios m\u00e1s amplios mediante del uso de hasta 9 hojas, para un cierre m\u00e1ximo de 6,30 metros, con varias combinaciones de apertura, tanto centrales como laterales La robustez de la estructura garantiza una versatilidad de uso y permite la aplicaci\u00f3n en las hojas de materiales como la baquelita, el policarbonato o una hoja de aluminio hasta realizar aut\u00e9nticos cierres.<\/p>\n<p>&nbsp;<\/p>\n<p><strong>PHANTOMATIK<\/strong><br \/>\nMosquitera lateral con gu\u00eda inferior baja y cierre autom\u00e1tico.<br \/>\n45<br \/>\nDeslizamiento: lateral Enrollado: de muelle y cierre autom\u00e1tico. Sistema de apertura: manual, con cierre autom\u00e1tico Caj\u00f3n: redondeado de 45 Adecuada para: puerta acristalada Bot\u00f3n: s\u00ed<br \/>\nRed: en fibra de vidrio de serie, se suministra soldada y ribeteada en los bordes, o con red rayada Se suministra: a medida Nota: gu\u00eda baja de un espesor de solo 5 mm. La red se puede volver a colocar f\u00e1cilmente en caso de que se salga. Gu\u00eda superior telesc\u00f3pica para la instalaci\u00f3n en huecos que no cuadran perfectamente<\/p>\n<p><iframe loading=\"lazy\" title=\"Phantomatik\" width=\"640\" height=\"360\" src=\"https:\/\/www.youtube.com\/embed\/iILwanXxMw4?feature=oembed\" frameborder=\"0\" allow=\"accelerometer; autoplay; clipboard-write; encrypted-media; gyroscope; picture-in-picture; web-share\" referrerpolicy=\"strict-origin-when-cross-origin\" allowfullscreen><\/iframe><\/p>\n<p>&nbsp;<\/p>\n<p><strong>PHANTOM PLUS<\/strong><br \/>\nMosquitera lateral con gu\u00eda inferior baja y parada manual del deslizamiento.<br \/>\n5545<br \/>\nDeslizamiento: lateral Enrollado: de muelle con parada manual del deslizamiento en cualquier punto Sistema de apertura: con gancho (s\u00f3lo caj\u00f3n individual) o con imanes (versi\u00f3n de doble caj\u00f3n) Caj\u00f3n: redondeado de 45 y 55 mm, disponible tambi\u00e9n en versi\u00f3n con doble caj\u00f3n Adecuada para: puerta acristalada Bot\u00f3n: s\u00ed<br \/>\nRed: en fibra de vidrio de serie, se suministra soldada y ribeteada en los bordes, o con red rayada Se suministra: a medida Nota: gu\u00eda baja de espesor de solo 5 mm, f\u00e1cilmente extra\u00edble para la limpieza. La red se puede volver a colocar f\u00e1cilmente en caso de que se salga. Gu\u00eda superior telesc\u00f3pica para la instalaci\u00f3n en huecos que no cuadran perfectamente Opcionales: regulaci\u00f3n exterior de la carga del muelle, manilla empotrada y pestillo central con posible prolongaci\u00f3n (para las versiones de doble caj\u00f3n )<\/p>\n<p><iframe loading=\"lazy\" title=\"Phantom Plus\" width=\"640\" height=\"360\" src=\"https:\/\/www.youtube.com\/embed\/LQloav7eXzM?feature=oembed\" frameborder=\"0\" allow=\"accelerometer; autoplay; clipboard-write; encrypted-media; gyroscope; picture-in-picture; web-share\" referrerpolicy=\"strict-origin-when-cross-origin\" allowfullscreen><\/iframe><\/p>\n<p>&nbsp;<\/p>\n<p>Lo mejor de una mosquitera.<br \/>\nUna mosquitera moderna, con unas caracter\u00edsticas dise\u00f1as para satisfacer las necesidades y el bienestar del hogar. Ya lleg\u00f3 Bora. Dise\u00f1ada para puertas y ventanas con una anchura m\u00e1xima de 180 cm, Bora asegura una eficaz protecci\u00f3n de la estancia contra los insectos m\u00e1s peque\u00f1os y molestos. La apertura es f\u00e1cil, debido a un sistema que permite al usuario detener la mosquitera en cualquier punto, adecuando as\u00ed la amplitud del paso a sus necesidades. Provista de una gu\u00eda inferior de 2 mm, que facilita el paso. Gracias a un perfil de bayoneta, la extracci\u00f3n de la mosquitera es muy r\u00e1pida: Bora se puede guardar en caso de no utilizarse durante periodos prolongados. Pero obviamente esto no es todo: Bora es una mosquitera realmente especial, por la resistencia de su tela que no se sale cuando hay viento fuerte, evitando el problema de tener que recolocar la tela. Resultado de la demanda de nuestros clientes, se ha dise\u00f1ado Bora, un producto de MV Line. Para conocer m\u00e1s, p\u00f3ngase en contacto con uno de nuestros distribuidores.<\/p>\n<p>&nbsp;<\/p>\n<p>&nbsp;<\/p>\n<p>&nbsp;<\/p>\n","protected":false},"excerpt":{"rendered":"<p>L\u00cdNEA URAGANO IRENE L\u00cdNEA CL\u00c1SICA MOSQUITERAS VERTICALES MOSQUITERAS LATERALES MOSQUITERAS DE PANEL, FIJAS\/CORREDERAS GRANDES DIMENSIONES IRENE es una mosquitera con red enrollable en versi\u00f3n deslizamiento vertical y lateral, disponible con cajones de 45\u201365\u201375 mm. Elaborada y probada para resistir las &hellip; <a href=\"https:\/\/www.jmdomingo.com\/?page_id=1166\">Sigue leyendo <span class=\"meta-nav\">&rarr;<\/span><\/a><\/p>\n","protected":false},"author":1,"featured_media":0,"parent":0,"menu_order":0,"comment_status":"closed","ping_status":"closed","template":"","meta":{"ngg_post_thumbnail":0,"footnotes":""},"class_list":["post-1166","page","type-page","status-publish","hentry"],"_links":{"self":[{"href":"https:\/\/www.jmdomingo.com\/index.php?rest_route=\/wp\/v2\/pages\/1166","targetHints":{"allow":["GET"]}}],"collection":[{"href":"https:\/\/www.jmdomingo.com\/index.php?rest_route=\/wp\/v2\/pages"}],"about":[{"href":"https:\/\/www.jmdomingo.com\/index.php?rest_route=\/wp\/v2\/types\/page"}],"author":[{"embeddable":true,"href":"https:\/\/www.jmdomingo.com\/index.php?rest_route=\/wp\/v2\/users\/1"}],"replies":[{"embeddable":true,"href":"https:\/\/www.jmdomingo.com\/index.php?rest_route=%2Fwp%2Fv2%2Fcomments&post=1166"}],"version-history":[{"count":28,"href":"https:\/\/www.jmdomingo.com\/index.php?rest_route=\/wp\/v2\/pages\/1166\/revisions"}],"predecessor-version":[{"id":1204,"href":"https:\/\/www.jmdomingo.com\/index.php?rest_route=\/wp\/v2\/pages\/1166\/revisions\/1204"}],"wp:attachment":[{"href":"https:\/\/www.jmdomingo.com\/index.php?rest_route=%2Fwp%2Fv2%2Fmedia&parent=1166"}],"curies":[{"name":"wp","href":"https:\/\/api.w.org\/{rel}","templated":true}]}}