{"id":1460,"date":"2021-10-01T08:20:51","date_gmt":"2021-10-01T06:20:51","guid":{"rendered":"https:\/\/www.jmdomingo.com\/?page_id=1460"},"modified":"2021-10-01T08:23:39","modified_gmt":"2021-10-01T06:23:39","slug":"proteccion-de-datos","status":"publish","type":"page","link":"https:\/\/www.jmdomingo.com\/?page_id=1460","title":{"rendered":"Protecci\u00f3n de datos"},"content":{"rendered":"\n<p>CLAUSULAS CLIENTES Y POTENCIALES CLIENTES.<\/p>\n\n\n\n<p><strong>Informaci\u00f3n sobre Protecci\u00f3n de Datos Gesti\u00f3n de Clientes<\/strong><\/p>\n\n\n\n<p><strong>Responsable: <\/strong>JM DOMINGO SL&nbsp;&nbsp;&nbsp;&nbsp; <strong>CIF: <\/strong>B96386065<strong><\/strong><\/p>\n\n\n\n<p><strong>Dir. postal<\/strong><strong>:<\/strong> Calle Les Tellines 13 de&nbsp; El Perello CP (46420) Valencia<\/p>\n\n\n\n<p><strong>Tel\u00e9fono<\/strong><strong>:<\/strong> 961771345&nbsp;&nbsp;&nbsp;&nbsp;&nbsp;&nbsp;&nbsp;&nbsp; <strong>Email:<\/strong> jmdomingo@jmdomingo.com&nbsp;&nbsp;&nbsp;&nbsp;&nbsp;&nbsp; <strong>Web<\/strong>: www.jmdomingo.com<\/p>\n\n\n\n<p><strong>Finalidades:<\/strong><\/p>\n\n\n\n<ul class=\"wp-block-list\"><li><strong>Gesti\u00f3n de potenciales Clientes: <\/strong>Sus datos personales ser\u00e1n tratados para remitirle la oferta solicitada por usted y para gestionarlo como contacto y posible cliente de nuestra Organizaci\u00f3n. En el caso de que acepte la oferta solicitada sus datos ser\u00e1n tratados para la gesti\u00f3n contractual como nuevo cliente de nuestra Organizaci\u00f3n<\/li><li><strong>Gesti\u00f3n y atenci\u00f3n de clientes<\/strong>: La finalidad del tratamiento es la gesti\u00f3n y atenci\u00f3n de clientes, gesti\u00f3n administrativa, gesti\u00f3n de pedidos, facturaci\u00f3n, gesti\u00f3n y control de cobros, contabilidad y cualquier otra para mantener la relaci\u00f3n con los clientes<\/li><li><strong>Gesti\u00f3n de los datos de contacto<\/strong>: La finalidad del tratamiento de sus datos personales de contacto es la gestionar adecuadamente la relaci\u00f3n comercial con la Organizaci\u00f3n en la que usted como personas f\u00edsicas que presta sus servicios<\/li><\/ul>\n\n\n\n<p><strong>Legitimaci\u00f3n:<\/strong><\/p>\n\n\n\n<ul class=\"wp-block-list\"><li><strong>Gesti\u00f3n de potenciales Clientes: <\/strong>La base jur\u00eddica del tratamiento es la aplicaci\u00f3n de medidas precontractuales a petici\u00f3n del interesado que se base en el inter\u00e9s mostrado por nuestra Organizaci\u00f3n<\/li><li><strong>Gesti\u00f3n y atenci\u00f3n de clientes<\/strong>: La base jur\u00eddica del tratamiento es la ejecuci\u00f3n de un contrato de servicios de carpinter\u00eda met\u00e1lica seg\u00fan los t\u00e9rminos y condiciones que constan en el presupuesto aceptado por el cliente.<\/li><\/ul>\n\n\n\n<p>Asimismo, tenemos la obligaci\u00f3n legal de conservar determinados datos personales con fines fiscales y contables, as\u00ed como para cualquier reclamaci\u00f3n legal que pueda iniciarse<\/p>\n\n\n\n<ul class=\"wp-block-list\"><li><strong>Gesti\u00f3n de los datos de contacto<\/strong>: Inter\u00e9s leg\u00edtimo en gestionar los datos de contacto de las personas f\u00edsicas que presten servicios en una persona jur\u00eddica con el prop\u00f3sito de mantener las relaciones comerciales con la persona jur\u00eddica donde el interesado est\u00e1 prestando sus servicios.<\/li><\/ul>\n\n\n\n<p><strong>Plazo de conservaci\u00f3n<\/strong>: Los datos personales proporcionados se conservar\u00e1n 12 meses partir de la recepci\u00f3n de la Oferta o propuesta de servicios. En el caso de ser aceptar la oferta o propuesta de servicio la informaci\u00f3n se conservar\u00e1 mientras se mantenga la relaci\u00f3n comercial o durante los a\u00f1os necesarios para cumplir con las obligaciones legales derivadas de dicha relaci\u00f3n contractual, una vez extinguida, los datos personales se conservar\u00e1n debidamente bloqueados durante los plazos de prescripci\u00f3n de nuestras obligaciones legales o durante los plazos de prescripci\u00f3n de las acciones legales o judiciales que resulten de aplicaci\u00f3n.<\/p>\n\n\n\n<p><strong>Destinatarios<\/strong>:<\/p>\n\n\n\n<ul class=\"wp-block-list\"><li>Bancos, cajas de ahorros y cajas rurales: Gesti\u00f3n del cobro de las facturas emitidas a los clientes.<\/li><li>Administraci\u00f3n tributaria: Cumplimiento de las obligaciones tributarias con la AEAT<\/li><li>Servicios administrativos y de asesor\u00eda de empresa y de consultor\u00eda inform\u00e1tica: Prestador de servicios contratado por la Organizaci\u00f3n<\/li><\/ul>\n\n\n\n<p><strong>Transferencias Internacionales:<\/strong> No se realizar\u00e1n transferencias de datos fuera de la UE.<strong><\/strong><\/p>\n\n\n\n<p><strong>Derechos<\/strong>: Como interesado pueden ejercitar sus derechos de acceso, rectificaci\u00f3n, supresi\u00f3n, u oposici\u00f3n. Tiene derecho a retirar el consentimiento en cualquier momento para aquellas finalidades a las que a otorgado el consentimiento.<\/p>\n\n\n\n<p>En determinadas circunstancias, el interesado podr\u00e1 solicitar al portabilidad de los datos y, por lo tanto, a recibir los datos personales que le incumban en un formato estructurado, de uso com\u00fan y lectura mec\u00e1nica, para poder transmitirlos a otro responsable del tratamiento<\/p>\n\n\n\n<p>En determinadas circunstancias, el interesado podr\u00e1 solicitar la limitaci\u00f3n del tratamiento de sus datos, en cuyo caso \u00fanicamente los conservaremos para el ejercicio o la defensa de reclamaciones.<\/p>\n\n\n\n<p>Los interesados tienen derecho a reclamar ante la Autoridad de Control (Agencia Espa\u00f1ola de Protecci\u00f3n de Datos <a href=\"http:\/\/www.agpd.es\">www.agpd.es<\/a>).<\/p>\n\n\n\n<p>Puede ejercitar sus derechos presentando un escrito a la&nbsp; Calle Les Tellines 13 de&nbsp; El Perello CP (46420) Valencia. Deber\u00e1 especificar cu\u00e1l de estos derechos solicita para que sea satisfecho y, a su vez, deber\u00e1 acompa\u00f1arse de la fotocopia del DNI o documento identificativo equivalente. Si quiere disponer de un modelo para ello podr\u00e1:<\/p>\n\n\n\n<ul class=\"wp-block-list\"><li>Bien utilizar un modelo oficial de la Agencia: <a href=\"https:\/\/www.aepd.es\/reglamento\/derechos\/index.html\">https:\/\/www.aepd.es\/reglamento\/derechos\/index.html<\/a><\/li><\/ul>\n\n\n\n<p>Bien solicitarnos un modelo: <a href=\"mailto:jmdomingo@jmdomingo.com\">jmdomingo@jmdomingo.com<\/a><\/p>\n","protected":false},"excerpt":{"rendered":"<p>CLAUSULAS CLIENTES Y POTENCIALES CLIENTES. Informaci\u00f3n sobre Protecci\u00f3n de Datos Gesti\u00f3n de Clientes Responsable: JM DOMINGO SL&nbsp;&nbsp;&nbsp;&nbsp; CIF: B96386065 Dir. postal: Calle Les Tellines 13 de&nbsp; El Perello CP (46420) Valencia Tel\u00e9fono: 961771345&nbsp;&nbsp;&nbsp;&nbsp;&nbsp;&nbsp;&nbsp;&nbsp; Email: jmdomingo@jmdomingo.com&nbsp;&nbsp;&nbsp;&nbsp;&nbsp;&nbsp; Web: www.jmdomingo.com Finalidades: Gesti\u00f3n de &hellip; <a href=\"https:\/\/www.jmdomingo.com\/?page_id=1460\">Sigue leyendo <span class=\"meta-nav\">&rarr;<\/span><\/a><\/p>\n","protected":false},"author":1,"featured_media":0,"parent":0,"menu_order":0,"comment_status":"closed","ping_status":"closed","template":"","meta":{"ngg_post_thumbnail":0,"footnotes":""},"class_list":["post-1460","page","type-page","status-publish","hentry"],"_links":{"self":[{"href":"https:\/\/www.jmdomingo.com\/index.php?rest_route=\/wp\/v2\/pages\/1460","targetHints":{"allow":["GET"]}}],"collection":[{"href":"https:\/\/www.jmdomingo.com\/index.php?rest_route=\/wp\/v2\/pages"}],"about":[{"href":"https:\/\/www.jmdomingo.com\/index.php?rest_route=\/wp\/v2\/types\/page"}],"author":[{"embeddable":true,"href":"https:\/\/www.jmdomingo.com\/index.php?rest_route=\/wp\/v2\/users\/1"}],"replies":[{"embeddable":true,"href":"https:\/\/www.jmdomingo.com\/index.php?rest_route=%2Fwp%2Fv2%2Fcomments&post=1460"}],"version-history":[{"count":2,"href":"https:\/\/www.jmdomingo.com\/index.php?rest_route=\/wp\/v2\/pages\/1460\/revisions"}],"predecessor-version":[{"id":1464,"href":"https:\/\/www.jmdomingo.com\/index.php?rest_route=\/wp\/v2\/pages\/1460\/revisions\/1464"}],"wp:attachment":[{"href":"https:\/\/www.jmdomingo.com\/index.php?rest_route=%2Fwp%2Fv2%2Fmedia&parent=1460"}],"curies":[{"name":"wp","href":"https:\/\/api.w.org\/{rel}","templated":true}]}}