{"id":62,"date":"2012-11-16T11:07:45","date_gmt":"2012-11-16T11:07:45","guid":{"rendered":"http:\/\/jmdomingo.com\/jmwp\/?page_id=62"},"modified":"2023-09-29T13:27:10","modified_gmt":"2023-09-29T11:27:10","slug":"toldos","status":"publish","type":"page","link":"https:\/\/www.jmdomingo.com\/?page_id=62","title":{"rendered":"Toldos"},"content":{"rendered":"<p><em><strong>Los toldos son una gran protecci\u00f3n de los rayos del sol y liberan&nbsp;calor\u00edas&nbsp;en viviendas y comercio. Para ello existen diferentes modelos que se adaptan a las necesidades de cada situaci\u00f3n.<\/strong><\/em><\/p>\n<p>&nbsp;<\/p>\n<div id='gallery-1' class='gallery galleryid-62 gallery-columns-3 gallery-size-thumbnail'><dl class='gallery-item'>\n\t\t\t<dt class='gallery-icon landscape'>\n\t\t\t\t<a href='https:\/\/www.jmdomingo.com\/?attachment_id=1493'><img loading=\"lazy\" decoding=\"async\" width=\"150\" height=\"150\" src=\"https:\/\/www.jmdomingo.com\/wp-content\/uploads\/2023\/09\/ameris-1-150x150.png\" class=\"attachment-thumbnail size-thumbnail\" alt=\"\" aria-describedby=\"gallery-1-1493\" srcset=\"https:\/\/www.jmdomingo.com\/wp-content\/uploads\/2023\/09\/ameris-1-150x150.png 150w, https:\/\/www.jmdomingo.com\/wp-content\/uploads\/2023\/09\/ameris-1-300x300.png 300w, https:\/\/www.jmdomingo.com\/wp-content\/uploads\/2023\/09\/ameris-1.png 500w\" sizes=\"auto, (max-width: 150px) 100vw, 150px\" \/><\/a>\n\t\t\t<\/dt>\n\t\t\t\t<dd class='wp-caption-text gallery-caption' id='gallery-1-1493'>\n\t\t\t\tBrazos extensibles cofre\n\t\t\t\t<\/dd><\/dl><dl class='gallery-item'>\n\t\t\t<dt class='gallery-icon landscape'>\n\t\t\t\t<a href='https:\/\/www.jmdomingo.com\/?attachment_id=1510'><img loading=\"lazy\" decoding=\"async\" width=\"150\" height=\"150\" src=\"https:\/\/www.jmdomingo.com\/wp-content\/uploads\/2023\/09\/orus_i-1-150x150.png\" class=\"attachment-thumbnail size-thumbnail\" alt=\"\" aria-describedby=\"gallery-1-1510\" srcset=\"https:\/\/www.jmdomingo.com\/wp-content\/uploads\/2023\/09\/orus_i-1-150x150.png 150w, https:\/\/www.jmdomingo.com\/wp-content\/uploads\/2023\/09\/orus_i-1-300x300.png 300w, https:\/\/www.jmdomingo.com\/wp-content\/uploads\/2023\/09\/orus_i-1.png 500w\" sizes=\"auto, (max-width: 150px) 100vw, 150px\" \/><\/a>\n\t\t\t<\/dt>\n\t\t\t\t<dd class='wp-caption-text gallery-caption' id='gallery-1-1510'>\n\t\t\t\tBrazos extensibles\n\t\t\t\t<\/dd><\/dl><dl class='gallery-item'>\n\t\t\t<dt class='gallery-icon landscape'>\n\t\t\t\t<a href='https:\/\/www.jmdomingo.com\/?attachment_id=1512'><img loading=\"lazy\" decoding=\"async\" width=\"150\" height=\"150\" src=\"https:\/\/www.jmdomingo.com\/wp-content\/uploads\/2023\/09\/terminal_cofre_1-1-150x150.png\" class=\"attachment-thumbnail size-thumbnail\" alt=\"\" aria-describedby=\"gallery-1-1512\" srcset=\"https:\/\/www.jmdomingo.com\/wp-content\/uploads\/2023\/09\/terminal_cofre_1-1-150x150.png 150w, https:\/\/www.jmdomingo.com\/wp-content\/uploads\/2023\/09\/terminal_cofre_1-1-300x300.png 300w, https:\/\/www.jmdomingo.com\/wp-content\/uploads\/2023\/09\/terminal_cofre_1-1.png 500w\" sizes=\"auto, (max-width: 150px) 100vw, 150px\" \/><\/a>\n\t\t\t<\/dt>\n\t\t\t\t<dd class='wp-caption-text gallery-caption' id='gallery-1-1512'>\n\t\t\t\tBrazos extensibles stor\n\t\t\t\t<\/dd><\/dl><br style=\"clear: both\" \/><dl class='gallery-item'>\n\t\t\t<dt class='gallery-icon landscape'>\n\t\t\t\t<a href='https:\/\/www.jmdomingo.com\/?attachment_id=1494'><img loading=\"lazy\" decoding=\"async\" width=\"150\" height=\"150\" src=\"https:\/\/www.jmdomingo.com\/wp-content\/uploads\/2023\/09\/aneas_80x40-1-150x150.png\" class=\"attachment-thumbnail size-thumbnail\" alt=\"\" aria-describedby=\"gallery-1-1494\" srcset=\"https:\/\/www.jmdomingo.com\/wp-content\/uploads\/2023\/09\/aneas_80x40-1-150x150.png 150w, https:\/\/www.jmdomingo.com\/wp-content\/uploads\/2023\/09\/aneas_80x40-1-300x300.png 300w, https:\/\/www.jmdomingo.com\/wp-content\/uploads\/2023\/09\/aneas_80x40-1.png 500w\" sizes=\"auto, (max-width: 150px) 100vw, 150px\" \/><\/a>\n\t\t\t<\/dt>\n\t\t\t\t<dd class='wp-caption-text gallery-caption' id='gallery-1-1494'>\n\t\t\t\tPlano palillero\n\t\t\t\t<\/dd><\/dl><dl class='gallery-item'>\n\t\t\t<dt class='gallery-icon landscape'>\n\t\t\t\t<a href='https:\/\/www.jmdomingo.com\/?attachment_id=1495'><img loading=\"lazy\" decoding=\"async\" width=\"150\" height=\"150\" src=\"https:\/\/www.jmdomingo.com\/wp-content\/uploads\/2023\/09\/aneas_80x80-1-150x150.png\" class=\"attachment-thumbnail size-thumbnail\" alt=\"\" aria-describedby=\"gallery-1-1495\" srcset=\"https:\/\/www.jmdomingo.com\/wp-content\/uploads\/2023\/09\/aneas_80x80-1-150x150.png 150w, https:\/\/www.jmdomingo.com\/wp-content\/uploads\/2023\/09\/aneas_80x80-1-300x300.png 300w, https:\/\/www.jmdomingo.com\/wp-content\/uploads\/2023\/09\/aneas_80x80-1.png 500w\" sizes=\"auto, (max-width: 150px) 100vw, 150px\" \/><\/a>\n\t\t\t<\/dt>\n\t\t\t\t<dd class='wp-caption-text gallery-caption' id='gallery-1-1495'>\n\t\t\t\tPlano palillero a pared\n\t\t\t\t<\/dd><\/dl><dl class='gallery-item'>\n\t\t\t<dt class='gallery-icon landscape'>\n\t\t\t\t<a href='https:\/\/www.jmdomingo.com\/?attachment_id=1496'><img loading=\"lazy\" decoding=\"async\" width=\"150\" height=\"150\" src=\"https:\/\/www.jmdomingo.com\/wp-content\/uploads\/2023\/09\/aneas_125x125-1-150x150.png\" class=\"attachment-thumbnail size-thumbnail\" alt=\"\" aria-describedby=\"gallery-1-1496\" srcset=\"https:\/\/www.jmdomingo.com\/wp-content\/uploads\/2023\/09\/aneas_125x125-1-150x150.png 150w, https:\/\/www.jmdomingo.com\/wp-content\/uploads\/2023\/09\/aneas_125x125-1-300x300.png 300w, https:\/\/www.jmdomingo.com\/wp-content\/uploads\/2023\/09\/aneas_125x125-1.png 500w\" sizes=\"auto, (max-width: 150px) 100vw, 150px\" \/><\/a>\n\t\t\t<\/dt>\n\t\t\t\t<dd class='wp-caption-text gallery-caption' id='gallery-1-1496'>\n\t\t\t\tPlano palillero a pared reforzado\n\t\t\t\t<\/dd><\/dl><br style=\"clear: both\" \/><dl class='gallery-item'>\n\t\t\t<dt class='gallery-icon landscape'>\n\t\t\t\t<a href='https:\/\/www.jmdomingo.com\/?attachment_id=1498'><img loading=\"lazy\" decoding=\"async\" width=\"150\" height=\"150\" src=\"https:\/\/www.jmdomingo.com\/wp-content\/uploads\/2023\/09\/eros_blind-1-150x150.png\" class=\"attachment-thumbnail size-thumbnail\" alt=\"\" aria-describedby=\"gallery-1-1498\" srcset=\"https:\/\/www.jmdomingo.com\/wp-content\/uploads\/2023\/09\/eros_blind-1-150x150.png 150w, https:\/\/www.jmdomingo.com\/wp-content\/uploads\/2023\/09\/eros_blind-1-300x300.png 300w, https:\/\/www.jmdomingo.com\/wp-content\/uploads\/2023\/09\/eros_blind-1.png 500w\" sizes=\"auto, (max-width: 150px) 100vw, 150px\" \/><\/a>\n\t\t\t<\/dt>\n\t\t\t\t<dd class='wp-caption-text gallery-caption' id='gallery-1-1498'>\n\t\t\t\tTel\u00f3n\n\t\t\t\t<\/dd><\/dl><dl class='gallery-item'>\n\t\t\t<dt class='gallery-icon landscape'>\n\t\t\t\t<a href='https:\/\/www.jmdomingo.com\/?attachment_id=1499'><img loading=\"lazy\" decoding=\"async\" width=\"150\" height=\"150\" src=\"https:\/\/www.jmdomingo.com\/wp-content\/uploads\/2023\/09\/eros_lens_1-1-150x150.png\" class=\"attachment-thumbnail size-thumbnail\" alt=\"\" aria-describedby=\"gallery-1-1499\" srcset=\"https:\/\/www.jmdomingo.com\/wp-content\/uploads\/2023\/09\/eros_lens_1-1-150x150.png 150w, https:\/\/www.jmdomingo.com\/wp-content\/uploads\/2023\/09\/eros_lens_1-1-300x300.png 300w, https:\/\/www.jmdomingo.com\/wp-content\/uploads\/2023\/09\/eros_lens_1-1.png 500w\" sizes=\"auto, (max-width: 150px) 100vw, 150px\" \/><\/a>\n\t\t\t<\/dt>\n\t\t\t\t<dd class='wp-caption-text gallery-caption' id='gallery-1-1499'>\n\t\t\t\tTel\u00f3n ventana reforzada\n\t\t\t\t<\/dd><\/dl><dl class='gallery-item'>\n\t\t\t<dt class='gallery-icon landscape'>\n\t\t\t\t<a href='https:\/\/www.jmdomingo.com\/?attachment_id=1500'><img loading=\"lazy\" decoding=\"async\" width=\"150\" height=\"150\" src=\"https:\/\/www.jmdomingo.com\/wp-content\/uploads\/2023\/09\/eros_spire-1-150x150.png\" class=\"attachment-thumbnail size-thumbnail\" alt=\"\" aria-describedby=\"gallery-1-1500\" srcset=\"https:\/\/www.jmdomingo.com\/wp-content\/uploads\/2023\/09\/eros_spire-1-150x150.png 150w, https:\/\/www.jmdomingo.com\/wp-content\/uploads\/2023\/09\/eros_spire-1-300x300.png 300w, https:\/\/www.jmdomingo.com\/wp-content\/uploads\/2023\/09\/eros_spire-1.png 500w\" sizes=\"auto, (max-width: 150px) 100vw, 150px\" \/><\/a>\n\t\t\t<\/dt>\n\t\t\t\t<dd class='wp-caption-text gallery-caption' id='gallery-1-1500'>\n\t\t\t\tTel\u00f3n ventana\n\t\t\t\t<\/dd><\/dl><br style=\"clear: both\" \/><dl class='gallery-item'>\n\t\t\t<dt class='gallery-icon landscape'>\n\t\t\t\t<a href='https:\/\/www.jmdomingo.com\/?attachment_id=1501'><img loading=\"lazy\" decoding=\"async\" width=\"150\" height=\"150\" src=\"https:\/\/www.jmdomingo.com\/wp-content\/uploads\/2023\/09\/heber-1-150x150.png\" class=\"attachment-thumbnail size-thumbnail\" alt=\"\" aria-describedby=\"gallery-1-1501\" srcset=\"https:\/\/www.jmdomingo.com\/wp-content\/uploads\/2023\/09\/heber-1-150x150.png 150w, https:\/\/www.jmdomingo.com\/wp-content\/uploads\/2023\/09\/heber-1-300x300.png 300w, https:\/\/www.jmdomingo.com\/wp-content\/uploads\/2023\/09\/heber-1.png 700w\" sizes=\"auto, (max-width: 150px) 100vw, 150px\" \/><\/a>\n\t\t\t<\/dt>\n\t\t\t\t<dd class='wp-caption-text gallery-caption' id='gallery-1-1501'>\n\t\t\t\tStor cofre\n\t\t\t\t<\/dd><\/dl><dl class='gallery-item'>\n\t\t\t<dt class='gallery-icon landscape'>\n\t\t\t\t<a href='https:\/\/www.jmdomingo.com\/?attachment_id=1502'><img loading=\"lazy\" decoding=\"async\" width=\"150\" height=\"150\" src=\"https:\/\/www.jmdomingo.com\/wp-content\/uploads\/2023\/09\/herta-1-150x150.png\" class=\"attachment-thumbnail size-thumbnail\" alt=\"\" aria-describedby=\"gallery-1-1502\" srcset=\"https:\/\/www.jmdomingo.com\/wp-content\/uploads\/2023\/09\/herta-1-150x150.png 150w, https:\/\/www.jmdomingo.com\/wp-content\/uploads\/2023\/09\/herta-1-300x300.png 300w, https:\/\/www.jmdomingo.com\/wp-content\/uploads\/2023\/09\/herta-1.png 500w\" sizes=\"auto, (max-width: 150px) 100vw, 150px\" \/><\/a>\n\t\t\t<\/dt>\n\t\t\t\t<dd class='wp-caption-text gallery-caption' id='gallery-1-1502'>\n\t\t\t\tSombrilla doble\n\t\t\t\t<\/dd><\/dl><dl class='gallery-item'>\n\t\t\t<dt class='gallery-icon landscape'>\n\t\t\t\t<a href='https:\/\/www.jmdomingo.com\/?attachment_id=1503'><img loading=\"lazy\" decoding=\"async\" width=\"150\" height=\"150\" src=\"https:\/\/www.jmdomingo.com\/wp-content\/uploads\/2023\/09\/hybris-1-150x150.png\" class=\"attachment-thumbnail size-thumbnail\" alt=\"\" aria-describedby=\"gallery-1-1503\" srcset=\"https:\/\/www.jmdomingo.com\/wp-content\/uploads\/2023\/09\/hybris-1-150x150.png 150w, https:\/\/www.jmdomingo.com\/wp-content\/uploads\/2023\/09\/hybris-1-300x300.png 300w, https:\/\/www.jmdomingo.com\/wp-content\/uploads\/2023\/09\/hybris-1.png 500w\" sizes=\"auto, (max-width: 150px) 100vw, 150px\" \/><\/a>\n\t\t\t<\/dt>\n\t\t\t\t<dd class='wp-caption-text gallery-caption' id='gallery-1-1503'>\n\t\t\t\tStor punto recto\n\t\t\t\t<\/dd><\/dl><br style=\"clear: both\" \/><dl class='gallery-item'>\n\t\t\t<dt class='gallery-icon landscape'>\n\t\t\t\t<a href='https:\/\/www.jmdomingo.com\/?attachment_id=1509'><img loading=\"lazy\" decoding=\"async\" width=\"150\" height=\"150\" src=\"https:\/\/www.jmdomingo.com\/wp-content\/uploads\/2023\/09\/metis-1-150x150.png\" class=\"attachment-thumbnail size-thumbnail\" alt=\"\" aria-describedby=\"gallery-1-1509\" srcset=\"https:\/\/www.jmdomingo.com\/wp-content\/uploads\/2023\/09\/metis-1-150x150.png 150w, https:\/\/www.jmdomingo.com\/wp-content\/uploads\/2023\/09\/metis-1-300x300.png 300w, https:\/\/www.jmdomingo.com\/wp-content\/uploads\/2023\/09\/metis-1.png 500w\" sizes=\"auto, (max-width: 150px) 100vw, 150px\" \/><\/a>\n\t\t\t<\/dt>\n\t\t\t\t<dd class='wp-caption-text gallery-caption' id='gallery-1-1509'>\n\t\t\t\tStor\n\t\t\t\t<\/dd><\/dl><dl class='gallery-item'>\n\t\t\t<dt class='gallery-icon landscape'>\n\t\t\t\t<a href='https:\/\/www.jmdomingo.com\/?attachment_id=1504'><img loading=\"lazy\" decoding=\"async\" width=\"150\" height=\"150\" src=\"https:\/\/www.jmdomingo.com\/wp-content\/uploads\/2023\/09\/jana-1-150x150.png\" class=\"attachment-thumbnail size-thumbnail\" alt=\"\" aria-describedby=\"gallery-1-1504\" srcset=\"https:\/\/www.jmdomingo.com\/wp-content\/uploads\/2023\/09\/jana-1-150x150.png 150w, https:\/\/www.jmdomingo.com\/wp-content\/uploads\/2023\/09\/jana-1-300x300.png 300w, https:\/\/www.jmdomingo.com\/wp-content\/uploads\/2023\/09\/jana-1.png 500w\" sizes=\"auto, (max-width: 150px) 100vw, 150px\" \/><\/a>\n\t\t\t<\/dt>\n\t\t\t\t<dd class='wp-caption-text gallery-caption' id='gallery-1-1504'>\n\t\t\t\tVaranda\n\t\t\t\t<\/dd><\/dl><dl class='gallery-item'>\n\t\t\t<dt class='gallery-icon landscape'>\n\t\t\t\t<a href='https:\/\/www.jmdomingo.com\/?attachment_id=1505'><img loading=\"lazy\" decoding=\"async\" width=\"150\" height=\"150\" src=\"https:\/\/www.jmdomingo.com\/wp-content\/uploads\/2023\/09\/kiron_2_1-1-150x150.png\" class=\"attachment-thumbnail size-thumbnail\" alt=\"\" aria-describedby=\"gallery-1-1505\" srcset=\"https:\/\/www.jmdomingo.com\/wp-content\/uploads\/2023\/09\/kiron_2_1-1-150x150.png 150w, https:\/\/www.jmdomingo.com\/wp-content\/uploads\/2023\/09\/kiron_2_1-1-300x300.png 300w, https:\/\/www.jmdomingo.com\/wp-content\/uploads\/2023\/09\/kiron_2_1-1.png 500w\" sizes=\"auto, (max-width: 150px) 100vw, 150px\" \/><\/a>\n\t\t\t<\/dt>\n\t\t\t\t<dd class='wp-caption-text gallery-caption' id='gallery-1-1505'>\n\t\t\t\tVaranda a pared\n\t\t\t\t<\/dd><\/dl><br style=\"clear: both\" \/><dl class='gallery-item'>\n\t\t\t<dt class='gallery-icon landscape'>\n\t\t\t\t<a href='https:\/\/www.jmdomingo.com\/?attachment_id=1506'><img loading=\"lazy\" decoding=\"async\" width=\"150\" height=\"150\" src=\"https:\/\/www.jmdomingo.com\/wp-content\/uploads\/2023\/09\/lina-1-150x150.png\" class=\"attachment-thumbnail size-thumbnail\" alt=\"\" aria-describedby=\"gallery-1-1506\" srcset=\"https:\/\/www.jmdomingo.com\/wp-content\/uploads\/2023\/09\/lina-1-150x150.png 150w, https:\/\/www.jmdomingo.com\/wp-content\/uploads\/2023\/09\/lina-1-300x300.png 300w, https:\/\/www.jmdomingo.com\/wp-content\/uploads\/2023\/09\/lina-1.png 500w\" sizes=\"auto, (max-width: 150px) 100vw, 150px\" \/><\/a>\n\t\t\t<\/dt>\n\t\t\t\t<dd class='wp-caption-text gallery-caption' id='gallery-1-1506'>\n\t\t\t\tVaranda a pared reforzado\n\t\t\t\t<\/dd><\/dl><dl class='gallery-item'>\n\t\t\t<dt class='gallery-icon landscape'>\n\t\t\t\t<a href='https:\/\/www.jmdomingo.com\/?attachment_id=1507'><img loading=\"lazy\" decoding=\"async\" width=\"150\" height=\"150\" src=\"https:\/\/www.jmdomingo.com\/wp-content\/uploads\/2023\/09\/lutecia-1-150x150.png\" class=\"attachment-thumbnail size-thumbnail\" alt=\"\" aria-describedby=\"gallery-1-1507\" srcset=\"https:\/\/www.jmdomingo.com\/wp-content\/uploads\/2023\/09\/lutecia-1-150x150.png 150w, https:\/\/www.jmdomingo.com\/wp-content\/uploads\/2023\/09\/lutecia-1-300x300.png 300w, https:\/\/www.jmdomingo.com\/wp-content\/uploads\/2023\/09\/lutecia-1.png 500w\" sizes=\"auto, (max-width: 150px) 100vw, 150px\" \/><\/a>\n\t\t\t<\/dt>\n\t\t\t\t<dd class='wp-caption-text gallery-caption' id='gallery-1-1507'>\n\t\t\t\tCapota\n\t\t\t\t<\/dd><\/dl><dl class='gallery-item'>\n\t\t\t<dt class='gallery-icon landscape'>\n\t\t\t\t<a href='https:\/\/www.jmdomingo.com\/?attachment_id=1508'><img loading=\"lazy\" decoding=\"async\" width=\"150\" height=\"150\" src=\"https:\/\/www.jmdomingo.com\/wp-content\/uploads\/2023\/09\/martha-1-150x150.png\" class=\"attachment-thumbnail size-thumbnail\" alt=\"\" aria-describedby=\"gallery-1-1508\" srcset=\"https:\/\/www.jmdomingo.com\/wp-content\/uploads\/2023\/09\/martha-1-150x150.png 150w, https:\/\/www.jmdomingo.com\/wp-content\/uploads\/2023\/09\/martha-1-300x300.png 300w, https:\/\/www.jmdomingo.com\/wp-content\/uploads\/2023\/09\/martha-1.png 500w\" sizes=\"auto, (max-width: 150px) 100vw, 150px\" \/><\/a>\n\t\t\t<\/dt>\n\t\t\t\t<dd class='wp-caption-text gallery-caption' id='gallery-1-1508'>\n\t\t\t\tCortina divisoria\n\t\t\t\t<\/dd><\/dl><br style=\"clear: both\" \/><dl class='gallery-item'>\n\t\t\t<dt class='gallery-icon landscape'>\n\t\t\t\t<a href='https:\/\/www.jmdomingo.com\/?attachment_id=1511'><img loading=\"lazy\" decoding=\"async\" width=\"150\" height=\"150\" src=\"https:\/\/www.jmdomingo.com\/wp-content\/uploads\/2023\/09\/strada-1-150x150.png\" class=\"attachment-thumbnail size-thumbnail\" alt=\"\" aria-describedby=\"gallery-1-1511\" srcset=\"https:\/\/www.jmdomingo.com\/wp-content\/uploads\/2023\/09\/strada-1-150x150.png 150w, https:\/\/www.jmdomingo.com\/wp-content\/uploads\/2023\/09\/strada-1-300x300.png 300w, https:\/\/www.jmdomingo.com\/wp-content\/uploads\/2023\/09\/strada-1.png 500w\" sizes=\"auto, (max-width: 150px) 100vw, 150px\" \/><\/a>\n\t\t\t<\/dt>\n\t\t\t\t<dd class='wp-caption-text gallery-caption' id='gallery-1-1511'>\n\t\t\t\tCortina\n\t\t\t\t<\/dd><\/dl>\n\t\t\t<br style='clear: both' \/>\n\t\t<\/div>\n\n","protected":false},"excerpt":{"rendered":"<p>Los toldos son una gran protecci\u00f3n de los rayos del sol y liberan&nbsp;calor\u00edas&nbsp;en viviendas y comercio. Para ello existen diferentes modelos que se adaptan a las necesidades de cada situaci\u00f3n. &nbsp;<\/p>\n","protected":false},"author":1,"featured_media":0,"parent":0,"menu_order":0,"comment_status":"closed","ping_status":"closed","template":"","meta":{"ngg_post_thumbnail":0,"footnotes":""},"class_list":["post-62","page","type-page","status-publish","hentry"],"_links":{"self":[{"href":"https:\/\/www.jmdomingo.com\/index.php?rest_route=\/wp\/v2\/pages\/62","targetHints":{"allow":["GET"]}}],"collection":[{"href":"https:\/\/www.jmdomingo.com\/index.php?rest_route=\/wp\/v2\/pages"}],"about":[{"href":"https:\/\/www.jmdomingo.com\/index.php?rest_route=\/wp\/v2\/types\/page"}],"author":[{"embeddable":true,"href":"https:\/\/www.jmdomingo.com\/index.php?rest_route=\/wp\/v2\/users\/1"}],"replies":[{"embeddable":true,"href":"https:\/\/www.jmdomingo.com\/index.php?rest_route=%2Fwp%2Fv2%2Fcomments&post=62"}],"version-history":[{"count":15,"href":"https:\/\/www.jmdomingo.com\/index.php?rest_route=\/wp\/v2\/pages\/62\/revisions"}],"predecessor-version":[{"id":1515,"href":"https:\/\/www.jmdomingo.com\/index.php?rest_route=\/wp\/v2\/pages\/62\/revisions\/1515"}],"wp:attachment":[{"href":"https:\/\/www.jmdomingo.com\/index.php?rest_route=%2Fwp%2Fv2%2Fmedia&parent=62"}],"curies":[{"name":"wp","href":"https:\/\/api.w.org\/{rel}","templated":true}]}}